{"id":32185,"date":"2023-02-23T14:48:49","date_gmt":"2023-02-23T13:48:49","guid":{"rendered":"https:\/\/distilleriedeporrentruy.ch\/?post_type=product&#038;p=32185"},"modified":"2025-12-11T09:48:01","modified_gmt":"2025-12-11T08:48:01","slug":"gin","status":"publish","type":"product","link":"https:\/\/distilleriedeporrentruy.ch\/en\/produit\/gin\/","title":{"rendered":"Gin"},"content":{"rendered":"<h2>Pour la p&#8217;tite histoire&#8230;<\/h2>\n<p>Comme alcool de base, j\u2019ai choisi un c\u00e9page blanc, distill\u00e9 par mes soins. Pour la recette, 16 ingr\u00e9dients composent la structure de mon Gin qui se d\u00e9guste d\u00e9licieusement sec mais qui pourra \u00e9galement vous s\u00e9duire si vous l\u2019accompagnez d\u2019un tonic de qualit\u00e9. Issu d\u2019une triple distillation, dont une derni\u00e8re r\u00e9alis\u00e9e uniquement en p\u00e9riode de pleine lune, ce produit ravira les papilles les plus candides comme les plus exp\u00e9riment\u00e9es.<\/p>\n<p>&nbsp;<\/p>\n<p>&nbsp;<\/p>\n","protected":false},"excerpt":{"rendered":"<h2><strong>Ses atouts<\/strong><\/h2>\n<p>Mon Gin c\u2019est une sacr\u00e9e histoire\u00a0! Quatre ann\u00e9es d\u2019essais et de recherche pour s\u00e9lectionner les pr\u00e9cieux ingr\u00e9dients qui composent ma recette finale aux notes d\u2019agrumes. Tous les ingr\u00e9dients ont \u00e9t\u00e9 scrupuleusement choisis, leur qualit\u00e9 \u00e9tant gage de ma s\u00e9lection (\u00ab\u00a0bio\u00a0\u00bb lorsque cela est possible). Saurez-vous les reconna\u00eetre\u00a0?<\/p>\n","protected":false},"featured_media":32192,"comment_status":"closed","ping_status":"closed","template":"","meta":[],"product_brand":[],"product_cat":[20],"product_tag":[152],"class_list":{"0":"post-32185","1":"product","2":"type-product","3":"status-publish","4":"has-post-thumbnail","6":"product_cat-eaux-de-vie","7":"product_tag-gin","9":"first","10":"instock","11":"shipping-taxable","12":"purchasable","13":"product-type-variable"},"_links":{"self":[{"href":"https:\/\/distilleriedeporrentruy.ch\/en\/wp-json\/wp\/v2\/product\/32185","targetHints":{"allow":["GET"]}}],"collection":[{"href":"https:\/\/distilleriedeporrentruy.ch\/en\/wp-json\/wp\/v2\/product"}],"about":[{"href":"https:\/\/distilleriedeporrentruy.ch\/en\/wp-json\/wp\/v2\/types\/product"}],"replies":[{"embeddable":true,"href":"https:\/\/distilleriedeporrentruy.ch\/en\/wp-json\/wp\/v2\/comments?post=32185"}],"wp:featuredmedia":[{"embeddable":true,"href":"https:\/\/distilleriedeporrentruy.ch\/en\/wp-json\/wp\/v2\/media\/32192"}],"wp:attachment":[{"href":"https:\/\/distilleriedeporrentruy.ch\/en\/wp-json\/wp\/v2\/media?parent=32185"}],"wp:term":[{"taxonomy":"product_brand","embeddable":true,"href":"https:\/\/distilleriedeporrentruy.ch\/en\/wp-json\/wp\/v2\/product_brand?post=32185"},{"taxonomy":"product_cat","embeddable":true,"href":"https:\/\/distilleriedeporrentruy.ch\/en\/wp-json\/wp\/v2\/product_cat?post=32185"},{"taxonomy":"product_tag","embeddable":true,"href":"https:\/\/distilleriedeporrentruy.ch\/en\/wp-json\/wp\/v2\/product_tag?post=32185"}],"curies":[{"name":"wp","href":"https:\/\/api.w.org\/{rel}","templated":true}]}}