{"id":31654,"date":"2020-04-15T16:41:58","date_gmt":"2020-04-15T14:41:58","guid":{"rendered":"https:\/\/distilleriedeporrentruy.ch\/produit\/damassine-aop\/"},"modified":"2023-01-10T08:46:48","modified_gmt":"2023-01-10T07:46:48","slug":"damassine-aop","status":"publish","type":"product","link":"https:\/\/distilleriedeporrentruy.ch\/de\/produit\/damassine-aop\/","title":{"rendered":"Damassine AOP"},"content":{"rendered":"<h2>Die Anekdote&#8230;<\/h2>\n<p>Der Ursprung der Damaszenerpflaume l\u00e4sst sich heute nicht mehr genau nachvollziehen, der Legende nach soll sie jedoch von den Kreuzrittern bei ihrer R\u00fcckkehr aus dem Orient als Beute mitgebracht worden sein. Auch ein Pfarrer aus Charmoille, der um 1145 nach Pal\u00e4stina gereist war, k\u00f6nnte sie mit heimgebracht haben. Sicher ist nur, dass der Name des Brandes \u00abDamassine\u00bb auf die syrische Hauptstadt Damaskus zur\u00fcckzuf\u00fchren ist. Die kalkhaltigen B\u00f6den und das Klima dieser Region tragen dazu bei, dass diese Frucht hier besser als anderswo die Quintessenz ihrer Aromen entfalten kann. (Quelle : <a href=\"https:\/\/www.j3l.ch\">www.j3l.ch\/de<\/a>\/)<\/p>\n<p>Soviel also zur offiziellen Geschichte dieser Frucht. Und nun kommen wir zu meiner Geschichte, aber ich mache es kurz. Wie Obelix bin ich hineingeplumpst, als ich klein war. <strong>W\u00e4hrend meiner Kindheit verbrachte ich die Erntezeit im Sommer kniend unter den B\u00e4umen mit meinen Eltern und meinen beiden Schwestern<\/strong>, um die kostbaren und empfindlichen \u00ab Damassons rouges \u00bb von Hand einzusammeln. Wie auch die Mirabellen liest man die Damassons rouges auf &#8211; man pfl\u00fcckt sie nicht.<\/p>\n<h2>Das (grosse) kleine Plus\u2026<\/h2>\n<p>Beim Ernten hatten wir in <strong>meiner Kindheit<\/strong> immer zwei Kessel, einen f\u00fcr das Fass und den anderen f\u00fcr den Kompost.<\/p>\n<p>Wir fragten dauernd meinen Vater: <em>\u00ab Ist diese da gut? Und diese ?<\/em>Bestimmt aber etwas gereizt antwortete er: <em>\u00abWenn Du Lust hast sie zu essen brennen wir sie, sonst dann halt ! Es hat noch so viele \u00fcber unseren K\u00f6pfen, die fallreif sind.\u00bb<\/em><\/p>\n<p>Damals h\u00e4tte ich nicht im Traum gedacht, dass daraus einmal eine <strong>Leidenschaft und schliesslich mein Beruf<\/strong> w\u00fcrde. Meine Eltern damals auch nicht&#8230;<\/p>\n<p>Meine Arbeitsweise ist heute noch genau dieselbe. Jeder Damasson rouge wandert durch unsere H\u00e4nde.<\/p>\n<p><strong>Meine Leidenschaft und meine Liebe f\u00fcr gutes Essen und Trinken treiben mich, auf Qualit\u00e4t und nicht Quantit\u00e4t abzuzielen.<\/strong><\/p>\n","protected":false},"excerpt":{"rendered":"<h2>Die Vorz\u00fcge des Brandes<\/h2>\n<p>An der <strong>Nase <\/strong>sehr elegant und bezaubernd. Man findet eine \u00fcberraschend blumige Note von Rosenbl\u00e4ttern. Begleitet wird sie von einer angenehmen Pr\u00e4senz von Bittermandeln.<\/p>\n<p>Am <strong>Gaumen<\/strong>zweifelt man keine Sekunde daran, dass es eine kleine f\u00fcr ein kalkhaltiges Terroir typische Pflaume ist mit einer sch\u00f6nen Finesse. Die Reife und die Reinheit der Frucht sind ausgepr\u00e4gt.<\/p>\n<p><strong>Retronasal<\/strong>verleiht die R\u00fcckkehr der Frucht diesem Brand eine erstaunliche L\u00e4nge.<\/p>\n<p><a href=\"#tab-description\">Entdecke meine Geschichte mit Dame Damassine<\/a><\/p>\n","protected":false},"featured_media":30324,"comment_status":"open","ping_status":"closed","template":"","meta":[],"product_brand":[],"product_cat":[72],"product_tag":[],"class_list":{"0":"post-31654","1":"product","2":"type-product","3":"status-publish","4":"has-post-thumbnail","6":"product_cat-branntweine","8":"first","9":"instock","10":"shipping-taxable","11":"purchasable","12":"product-type-variable","13":"has-default-attributes"},"_links":{"self":[{"href":"https:\/\/distilleriedeporrentruy.ch\/de\/wp-json\/wp\/v2\/product\/31654","targetHints":{"allow":["GET"]}}],"collection":[{"href":"https:\/\/distilleriedeporrentruy.ch\/de\/wp-json\/wp\/v2\/product"}],"about":[{"href":"https:\/\/distilleriedeporrentruy.ch\/de\/wp-json\/wp\/v2\/types\/product"}],"replies":[{"embeddable":true,"href":"https:\/\/distilleriedeporrentruy.ch\/de\/wp-json\/wp\/v2\/comments?post=31654"}],"wp:featuredmedia":[{"embeddable":true,"href":"https:\/\/distilleriedeporrentruy.ch\/de\/wp-json\/wp\/v2\/media\/30324"}],"wp:attachment":[{"href":"https:\/\/distilleriedeporrentruy.ch\/de\/wp-json\/wp\/v2\/media?parent=31654"}],"wp:term":[{"taxonomy":"product_brand","embeddable":true,"href":"https:\/\/distilleriedeporrentruy.ch\/de\/wp-json\/wp\/v2\/product_brand?post=31654"},{"taxonomy":"product_cat","embeddable":true,"href":"https:\/\/distilleriedeporrentruy.ch\/de\/wp-json\/wp\/v2\/product_cat?post=31654"},{"taxonomy":"product_tag","embeddable":true,"href":"https:\/\/distilleriedeporrentruy.ch\/de\/wp-json\/wp\/v2\/product_tag?post=31654"}],"curies":[{"name":"wp","href":"https:\/\/api.w.org\/{rel}","templated":true}]}}