{"id":31645,"date":"2020-04-15T17:51:56","date_gmt":"2020-04-15T15:51:56","guid":{"rendered":"https:\/\/distilleriedeporrentruy.ch\/produit\/mirabelle\/"},"modified":"2022-08-13T11:43:27","modified_gmt":"2022-08-13T09:43:27","slug":"mirabelle","status":"publish","type":"product","link":"https:\/\/distilleriedeporrentruy.ch\/de\/produit\/mirabelle\/","title":{"rendered":"Mirabelle"},"content":{"rendered":"<h2>Die Anekdote&#8230;<\/h2>\n<p>Ach, wie h\u00fcbsch sind meine <strong>von Hand<\/strong> eingesammelten Mirabellen, eine nach der anderen&#8230; Nur die guten vollreifen Fr\u00fcchte finden den Weg in meine teuren F\u00e4sser.<\/p>\n<p><strong>Die Mirabellen werden auf gespannten Netzen gesammelt. Sie haben also niemals Bodenkontakt.<\/strong> Wenn sie vollreif sind, fallen die Fr\u00fcchte von selbst von den \u00c4sten, ausser \u00c4olus beschliesst, sie t\u00fcchtig durchzusch\u00fctteln.<\/p>\n","protected":false},"excerpt":{"rendered":"<h2>Die Vorz\u00fcge des Brandes<\/h2>\n<p>An der <strong>Nase<\/strong>erinnert der Brand an Konfit\u00fcre und hat etwas Beeriges mit einer leichten S\u00e4ure.<\/p>\n<p>Am <strong>Gaumen<\/strong>weist eine leichte Mandelbitterkeit das Steinobst aus.<\/p>\n<p><em>Mmmmmh! Es duftet herrlich nach W\u00e4he!<\/em><\/p>\n<blockquote><p><em>verf\u00fcgbar ab August 2023<\/em><\/p><\/blockquote>\n","protected":false},"featured_media":30348,"comment_status":"open","ping_status":"closed","template":"","meta":[],"product_brand":[],"product_cat":[72],"product_tag":[],"class_list":{"0":"post-31645","1":"product","2":"type-product","3":"status-publish","4":"has-post-thumbnail","6":"product_cat-branntweine","8":"first","9":"instock","10":"shipping-taxable","11":"purchasable","12":"product-type-variable","13":"has-default-attributes"},"_links":{"self":[{"href":"https:\/\/distilleriedeporrentruy.ch\/de\/wp-json\/wp\/v2\/product\/31645","targetHints":{"allow":["GET"]}}],"collection":[{"href":"https:\/\/distilleriedeporrentruy.ch\/de\/wp-json\/wp\/v2\/product"}],"about":[{"href":"https:\/\/distilleriedeporrentruy.ch\/de\/wp-json\/wp\/v2\/types\/product"}],"replies":[{"embeddable":true,"href":"https:\/\/distilleriedeporrentruy.ch\/de\/wp-json\/wp\/v2\/comments?post=31645"}],"wp:featuredmedia":[{"embeddable":true,"href":"https:\/\/distilleriedeporrentruy.ch\/de\/wp-json\/wp\/v2\/media\/30348"}],"wp:attachment":[{"href":"https:\/\/distilleriedeporrentruy.ch\/de\/wp-json\/wp\/v2\/media?parent=31645"}],"wp:term":[{"taxonomy":"product_brand","embeddable":true,"href":"https:\/\/distilleriedeporrentruy.ch\/de\/wp-json\/wp\/v2\/product_brand?post=31645"},{"taxonomy":"product_cat","embeddable":true,"href":"https:\/\/distilleriedeporrentruy.ch\/de\/wp-json\/wp\/v2\/product_cat?post=31645"},{"taxonomy":"product_tag","embeddable":true,"href":"https:\/\/distilleriedeporrentruy.ch\/de\/wp-json\/wp\/v2\/product_tag?post=31645"}],"curies":[{"name":"wp","href":"https:\/\/api.w.org\/{rel}","templated":true}]}}