{"id":31295,"date":"2020-04-15T18:36:04","date_gmt":"2020-04-15T16:36:04","guid":{"rendered":"https:\/\/distilleriedeporrentruy.ch\/produit\/dp-degustationsglas\/"},"modified":"2022-07-12T11:41:29","modified_gmt":"2022-07-12T09:41:29","slug":"degustationglas-dp","status":"publish","type":"product","link":"https:\/\/distilleriedeporrentruy.ch\/de\/produit\/degustationglas-dp\/","title":{"rendered":"DP-Glas"},"content":{"rendered":"","protected":false},"excerpt":{"rendered":"<p>Fehlen Dir sch\u00f6ne Gl\u00e4ser <strong>zum Verkosten Deiner Br\u00e4nde<\/strong> von der DP?<\/p>\n<p>Wir haben an Dich gedacht! Prost !<\/p>\n","protected":false},"featured_media":30587,"comment_status":"open","ping_status":"closed","template":"","meta":[],"product_brand":[],"product_cat":[75],"product_tag":[],"class_list":{"0":"post-31295","1":"product","2":"type-product","3":"status-publish","4":"has-post-thumbnail","6":"product_cat-kollektoren","8":"first","9":"instock","10":"shipping-taxable","11":"purchasable","12":"product-type-simple"},"_links":{"self":[{"href":"https:\/\/distilleriedeporrentruy.ch\/de\/wp-json\/wp\/v2\/product\/31295","targetHints":{"allow":["GET"]}}],"collection":[{"href":"https:\/\/distilleriedeporrentruy.ch\/de\/wp-json\/wp\/v2\/product"}],"about":[{"href":"https:\/\/distilleriedeporrentruy.ch\/de\/wp-json\/wp\/v2\/types\/product"}],"replies":[{"embeddable":true,"href":"https:\/\/distilleriedeporrentruy.ch\/de\/wp-json\/wp\/v2\/comments?post=31295"}],"wp:featuredmedia":[{"embeddable":true,"href":"https:\/\/distilleriedeporrentruy.ch\/de\/wp-json\/wp\/v2\/media\/30587"}],"wp:attachment":[{"href":"https:\/\/distilleriedeporrentruy.ch\/de\/wp-json\/wp\/v2\/media?parent=31295"}],"wp:term":[{"taxonomy":"product_brand","embeddable":true,"href":"https:\/\/distilleriedeporrentruy.ch\/de\/wp-json\/wp\/v2\/product_brand?post=31295"},{"taxonomy":"product_cat","embeddable":true,"href":"https:\/\/distilleriedeporrentruy.ch\/de\/wp-json\/wp\/v2\/product_cat?post=31295"},{"taxonomy":"product_tag","embeddable":true,"href":"https:\/\/distilleriedeporrentruy.ch\/de\/wp-json\/wp\/v2\/product_tag?post=31295"}],"curies":[{"name":"wp","href":"https:\/\/api.w.org\/{rel}","templated":true}]}}