{"id":31292,"date":"2020-11-11T17:00:46","date_gmt":"2020-11-11T16:00:46","guid":{"rendered":"https:\/\/distilleriedeporrentruy.ch\/produit\/schlehe\/"},"modified":"2022-08-13T14:25:59","modified_gmt":"2022-08-13T12:25:59","slug":"schlehe","status":"publish","type":"product","link":"https:\/\/distilleriedeporrentruy.ch\/de\/produit\/schlehe\/","title":{"rendered":"Schlehe"},"content":{"rendered":"<h2>die Anekdote&#8230;<\/h2>\n<p>Wie die Hagebutten findet man <strong>die Schlehen am Waldrand und in Wildhecken<\/strong>, denen es an rieselnden B\u00e4chlein gef\u00e4llt. Die winzig kleinen Fr\u00fcchte verstecken sich inmitten von Dornengestr\u00fcppen und Brennnesseln.<\/p>\n<p>&nbsp;<\/p>\n","protected":false},"excerpt":{"rendered":"<h2>Die Vorz\u00fcge des Brandes<\/h2>\n<p>Die Schlehe ist die Frucht des Schwarzdorns. Dieses Wildgeh\u00f6lz ist nicht umsonst <strong>wild<\/strong>.Seine <strong>Stacheln<\/strong>sind gef\u00e4hrlich. Also, aufgepasst!<\/p>\n<p>Die Pfl\u00fcckarbeit ist schwierig und erfordert grosse Sorgfalt. Keiner macht sich an diese Arbeit, ohne sich zuvor mit einer geh\u00f6rigen Portion Geduld und einem Paar gute Schuhe zu r\u00fcsten. <strong>Die K\u00f6stlichkeit dieses Brandes l\u00e4sst jedoch alle zuvor ausgestossenen Fluchw\u00f6rter vergessen.<\/strong><\/p>\n<p>&nbsp;<\/p>\n","protected":false},"featured_media":30344,"comment_status":"open","ping_status":"closed","template":"","meta":[],"product_brand":[],"product_cat":[72],"product_tag":[],"class_list":{"0":"post-31292","1":"product","2":"type-product","3":"status-publish","4":"has-post-thumbnail","6":"product_cat-branntweine","8":"first","9":"outofstock","10":"shipping-taxable","11":"purchasable","12":"product-type-variable","13":"has-default-attributes"},"_links":{"self":[{"href":"https:\/\/distilleriedeporrentruy.ch\/de\/wp-json\/wp\/v2\/product\/31292","targetHints":{"allow":["GET"]}}],"collection":[{"href":"https:\/\/distilleriedeporrentruy.ch\/de\/wp-json\/wp\/v2\/product"}],"about":[{"href":"https:\/\/distilleriedeporrentruy.ch\/de\/wp-json\/wp\/v2\/types\/product"}],"replies":[{"embeddable":true,"href":"https:\/\/distilleriedeporrentruy.ch\/de\/wp-json\/wp\/v2\/comments?post=31292"}],"wp:featuredmedia":[{"embeddable":true,"href":"https:\/\/distilleriedeporrentruy.ch\/de\/wp-json\/wp\/v2\/media\/30344"}],"wp:attachment":[{"href":"https:\/\/distilleriedeporrentruy.ch\/de\/wp-json\/wp\/v2\/media?parent=31292"}],"wp:term":[{"taxonomy":"product_brand","embeddable":true,"href":"https:\/\/distilleriedeporrentruy.ch\/de\/wp-json\/wp\/v2\/product_brand?post=31292"},{"taxonomy":"product_cat","embeddable":true,"href":"https:\/\/distilleriedeporrentruy.ch\/de\/wp-json\/wp\/v2\/product_cat?post=31292"},{"taxonomy":"product_tag","embeddable":true,"href":"https:\/\/distilleriedeporrentruy.ch\/de\/wp-json\/wp\/v2\/product_tag?post=31292"}],"curies":[{"name":"wp","href":"https:\/\/api.w.org\/{rel}","templated":true}]}}