{"id":31288,"date":"2020-04-15T17:41:04","date_gmt":"2020-04-15T15:41:04","guid":{"rendered":"https:\/\/distilleriedeporrentruy.ch\/produit\/gravensteiner\/"},"modified":"2022-05-25T16:35:41","modified_gmt":"2022-05-25T14:35:41","slug":"gravenstein-3","status":"publish","type":"product","link":"https:\/\/distilleriedeporrentruy.ch\/de\/produit\/gravenstein-3\/","title":{"rendered":"Gravensteiner"},"content":{"rendered":"<h2>Die Anekdote&#8230;<\/h2>\n<p>Der Gravensteiner ist eine sehr alte Apfelsorte, die 1669 in D\u00e4nemark entdeckt wurde. <strong>Die Sorte ist eher fr\u00fch pfl\u00fcckreif.<\/strong> Jeder Apfel wird gereinigt. Stiel und Fliege werden von Hand entfernt. Danach werden die \u00c4pfel gemahlen und gemaischt&#8230; So, jetzt los zur G\u00e4rung!<\/p>\n<h2>Tipp zum Genuss<\/h2>\n<p>Meine Produkte sind alle ungefiltert, um ein Maximum an Aromastruktur zu bewahren. Deshalb werden die Br\u00e4nde milchig, wenn man sie k\u00fchlt. Sie sind ausschliesslich bei <strong>Umgebungstemperatur<\/strong>zu geniessen.<\/p>\n","protected":false},"excerpt":{"rendered":"<h2>Die Vorz\u00fcge des Brandes<\/h2>\n<p>Die <strong>Nase<\/strong>ist typisch f\u00fcr frische \u00c4pfel, die Aromatik ist sehr interessant und die Frucht sehr ausgepr\u00e4gt.<\/p>\n<p>Am <strong>Gaumen<\/strong>ist die Frische weiterhin pr\u00e4sent mit einem Hauch von S\u00e4ure, die die Aromatik hervorhebt und abrundet.<\/p>\n<p><strong>Retronasal<\/strong>werden die ausgepr\u00e4gte K\u00f6stlichkeit des Apfels und sein erstaunlich langer Abgang Deine Geschmacksknospe aufbl\u00fchen lassen.<\/p>\n<blockquote><p><em>Verf\u00fcgbar ab Oktober 2022<\/em><\/p><\/blockquote>\n<p>&nbsp;<\/p>\n","protected":false},"featured_media":30346,"comment_status":"open","ping_status":"closed","template":"","meta":[],"product_brand":[],"product_cat":[72],"product_tag":[],"class_list":{"0":"post-31288","1":"product","2":"type-product","3":"status-publish","4":"has-post-thumbnail","6":"product_cat-branntweine","8":"first","9":"instock","10":"shipping-taxable","11":"purchasable","12":"product-type-variable","13":"has-default-attributes"},"_links":{"self":[{"href":"https:\/\/distilleriedeporrentruy.ch\/de\/wp-json\/wp\/v2\/product\/31288","targetHints":{"allow":["GET"]}}],"collection":[{"href":"https:\/\/distilleriedeporrentruy.ch\/de\/wp-json\/wp\/v2\/product"}],"about":[{"href":"https:\/\/distilleriedeporrentruy.ch\/de\/wp-json\/wp\/v2\/types\/product"}],"replies":[{"embeddable":true,"href":"https:\/\/distilleriedeporrentruy.ch\/de\/wp-json\/wp\/v2\/comments?post=31288"}],"wp:featuredmedia":[{"embeddable":true,"href":"https:\/\/distilleriedeporrentruy.ch\/de\/wp-json\/wp\/v2\/media\/30346"}],"wp:attachment":[{"href":"https:\/\/distilleriedeporrentruy.ch\/de\/wp-json\/wp\/v2\/media?parent=31288"}],"wp:term":[{"taxonomy":"product_brand","embeddable":true,"href":"https:\/\/distilleriedeporrentruy.ch\/de\/wp-json\/wp\/v2\/product_brand?post=31288"},{"taxonomy":"product_cat","embeddable":true,"href":"https:\/\/distilleriedeporrentruy.ch\/de\/wp-json\/wp\/v2\/product_cat?post=31288"},{"taxonomy":"product_tag","embeddable":true,"href":"https:\/\/distilleriedeporrentruy.ch\/de\/wp-json\/wp\/v2\/product_tag?post=31288"}],"curies":[{"name":"wp","href":"https:\/\/api.w.org\/{rel}","templated":true}]}}