{"id":31276,"date":"2020-04-15T17:22:40","date_gmt":"2020-04-15T15:22:40","guid":{"rendered":"https:\/\/distilleriedeporrentruy.ch\/produit\/quitte\/"},"modified":"2021-03-04T18:03:08","modified_gmt":"2021-03-04T17:03:08","slug":"quitte","status":"publish","type":"product","link":"https:\/\/distilleriedeporrentruy.ch\/de\/produit\/quitte\/","title":{"rendered":"Quitte"},"content":{"rendered":"<h2>Die Anekdote&#8230;<\/h2>\n<p>Eine Quitte nach der anderen&#8230; Wie viele andere meiner Produkte ist mein Quittenbrand eine grosse Sache. Zuerst wird sortiert: Wir behalten nur die sch\u00f6nsten, dann entfernen wir den Stiel und die Fliege und <strong>schliesslich b\u00fcrsten wir sie.Echt, Quitten muss man b\u00fcrsten. <\/strong> Dabei entfernt man den Flaum an der Oberfl\u00e4che, anders gesagt gl\u00e4ttet man den Quitten die Haut. Danach werden sie gemahlen und gemaischt.<\/p>\n","protected":false},"excerpt":{"rendered":"<h2>Die Vorz\u00fcge des Brandes<\/h2>\n<p><strong>Alle Fr\u00fcchte kommen aus \u00ab<em>aidjolats<\/em>\u00bb<\/strong> (<em>Elsgauer<\/em>in der Mundart des Jura, falls Du die immer noch nicht kannst) Obstg\u00e4rten.<\/p>\n<p>&nbsp;<\/p>\n","protected":false},"featured_media":30336,"comment_status":"open","ping_status":"closed","template":"","meta":[],"product_brand":[],"product_cat":[72],"product_tag":[],"class_list":{"0":"post-31276","1":"product","2":"type-product","3":"status-publish","4":"has-post-thumbnail","6":"product_cat-branntweine","8":"first","9":"instock","10":"shipping-taxable","11":"purchasable","12":"product-type-variable","13":"has-default-attributes"},"_links":{"self":[{"href":"https:\/\/distilleriedeporrentruy.ch\/de\/wp-json\/wp\/v2\/product\/31276","targetHints":{"allow":["GET"]}}],"collection":[{"href":"https:\/\/distilleriedeporrentruy.ch\/de\/wp-json\/wp\/v2\/product"}],"about":[{"href":"https:\/\/distilleriedeporrentruy.ch\/de\/wp-json\/wp\/v2\/types\/product"}],"replies":[{"embeddable":true,"href":"https:\/\/distilleriedeporrentruy.ch\/de\/wp-json\/wp\/v2\/comments?post=31276"}],"wp:featuredmedia":[{"embeddable":true,"href":"https:\/\/distilleriedeporrentruy.ch\/de\/wp-json\/wp\/v2\/media\/30336"}],"wp:attachment":[{"href":"https:\/\/distilleriedeporrentruy.ch\/de\/wp-json\/wp\/v2\/media?parent=31276"}],"wp:term":[{"taxonomy":"product_brand","embeddable":true,"href":"https:\/\/distilleriedeporrentruy.ch\/de\/wp-json\/wp\/v2\/product_brand?post=31276"},{"taxonomy":"product_cat","embeddable":true,"href":"https:\/\/distilleriedeporrentruy.ch\/de\/wp-json\/wp\/v2\/product_cat?post=31276"},{"taxonomy":"product_tag","embeddable":true,"href":"https:\/\/distilleriedeporrentruy.ch\/de\/wp-json\/wp\/v2\/product_tag?post=31276"}],"curies":[{"name":"wp","href":"https:\/\/api.w.org\/{rel}","templated":true}]}}