{"id":31272,"date":"2020-08-10T18:23:40","date_gmt":"2020-08-10T16:23:40","guid":{"rendered":"https:\/\/distilleriedeporrentruy.ch\/produit\/kirschwasser\/"},"modified":"2022-08-13T11:55:52","modified_gmt":"2022-08-13T09:55:52","slug":"kirschwasser","status":"publish","type":"product","link":"https:\/\/distilleriedeporrentruy.ch\/de\/produit\/kirschwasser\/","title":{"rendered":"Kirschwasser"},"content":{"rendered":"<h2>Die Anekdote&#8230;<\/h2>\n<p>Ein Teil der Ernte stammt aus meinem Obstgarten in Courtemautry und der Rest aus dem Obstgarten meines Freundes Pius im Baselbiet. Auch er erntet die Kirschen nach <strong>traditioneller Art<\/strong> (Wir waren also daf\u00fcr geschaffen, einander zu verstehen!), das heisst, Du stellst die Leiter an den Baum und&#8230; \u00ab Aitieuds \u00bb &#8211; ran an den Speck! (\u00ab<strong><em>Aitieuds<\/em><\/strong>\u00bb bedeutet \u00ab<em>los jetz<\/em>t\u00bb in der Mundart des Jura)<\/p>\n","protected":false},"excerpt":{"rendered":"<h2>Die Vorz\u00fcge des Brandes<\/h2>\n<p>Die Kirschensorten sind vielf\u00e4ltig und eignen sich nicht alle zum Verg\u00e4ren und Brennen. <strong>Die sch\u00f6nen Fr\u00fcchte, die ich ausw\u00e4hle, geh\u00f6ren ausschliesslich Brennkirschensorten an.<\/strong><\/p>\n<p><em>\u00a0<\/em><\/p>\n","protected":false},"featured_media":30334,"comment_status":"open","ping_status":"closed","template":"","meta":[],"product_brand":[],"product_cat":[72],"product_tag":[],"class_list":{"0":"post-31272","1":"product","2":"type-product","3":"status-publish","4":"has-post-thumbnail","6":"product_cat-branntweine","8":"first","9":"instock","10":"shipping-taxable","11":"purchasable","12":"product-type-variable","13":"has-default-attributes"},"_links":{"self":[{"href":"https:\/\/distilleriedeporrentruy.ch\/de\/wp-json\/wp\/v2\/product\/31272","targetHints":{"allow":["GET"]}}],"collection":[{"href":"https:\/\/distilleriedeporrentruy.ch\/de\/wp-json\/wp\/v2\/product"}],"about":[{"href":"https:\/\/distilleriedeporrentruy.ch\/de\/wp-json\/wp\/v2\/types\/product"}],"replies":[{"embeddable":true,"href":"https:\/\/distilleriedeporrentruy.ch\/de\/wp-json\/wp\/v2\/comments?post=31272"}],"wp:featuredmedia":[{"embeddable":true,"href":"https:\/\/distilleriedeporrentruy.ch\/de\/wp-json\/wp\/v2\/media\/30334"}],"wp:attachment":[{"href":"https:\/\/distilleriedeporrentruy.ch\/de\/wp-json\/wp\/v2\/media?parent=31272"}],"wp:term":[{"taxonomy":"product_brand","embeddable":true,"href":"https:\/\/distilleriedeporrentruy.ch\/de\/wp-json\/wp\/v2\/product_brand?post=31272"},{"taxonomy":"product_cat","embeddable":true,"href":"https:\/\/distilleriedeporrentruy.ch\/de\/wp-json\/wp\/v2\/product_cat?post=31272"},{"taxonomy":"product_tag","embeddable":true,"href":"https:\/\/distilleriedeporrentruy.ch\/de\/wp-json\/wp\/v2\/product_tag?post=31272"}],"curies":[{"name":"wp","href":"https:\/\/api.w.org\/{rel}","templated":true}]}}