{"id":31259,"date":"2020-04-15T17:16:42","date_gmt":"2020-04-15T15:16:42","guid":{"rendered":"https:\/\/distilleriedeporrentruy.ch\/produit\/calvajoie\/"},"modified":"2021-03-18T13:48:53","modified_gmt":"2021-03-18T12:48:53","slug":"calvajoie","status":"publish","type":"product","link":"https:\/\/distilleriedeporrentruy.ch\/de\/produit\/calvajoie\/","title":{"rendered":"Calv&#8217;Ajoie"},"content":{"rendered":"<h2>Die Anekdote&#8230;<\/h2>\n<p>Calv\u2019Ajoie ist ein Name, der mein Vater vor rund zwanzig Jahren erfand (die Benennung Calvados wird ja \u00fcberwacht und ist gesch\u00fctzt). F\u00fcr diesen Brand wurden die Eichensp\u00e4ne nach einigen Versuchen sorgf\u00e4ltig ausgew\u00e4hlt. Jede Sp\u00e4neprobe wurde anders ger\u00f6stet, genauso wie ein K\u00fcfer seine Barriques nach Mass f\u00fcr den Winzer baut: Die Toastung kann leicht, mittel oder st\u00e4rker sein. Die R\u00f6stung, f\u00fcr die ich mich entschieden habe, ist&#8230; Nein. Das verrate ich Dir nicht. Das Geheimnis ist gut geh\u00fctet!<\/p>\n<h2>Das kleine Plus<\/h2>\n<p>Falls Du nach dem Terroir suchst, ersetzt <strong>der Calv\u2019Ajoie mit Vorteil einen Whisky oder einen Cognac nach einem guten Essen.<\/strong><\/p>\n","protected":false},"excerpt":{"rendered":"<h2>Die Vorz\u00fcge des Brandes<\/h2>\n<p>Dieser Brand verm\u00e4hlt auf dezente Weise <strong>f\u00fcnf Apfelsorten<\/strong> und <strong>Eichensp\u00e4ne<\/strong>. Die \u00c4pfel werden aufgrund ihrer Aromastruktur ausgew\u00e4hlt, damit sehr saure und s\u00fcssere Sorten miteinander <strong>ein perfektes Gleichgewicht<\/strong>schaffen.<\/p>\n<p><em>Und also das Ergebnis ?<\/em><\/p>\n<p>Die sehr schmeichelhafte <strong>Nase<\/strong>und die gr\u00fcne Komponente des Apfels sind sehr dezent dank der Vanille-Note des Eichenholzes.<\/p>\n<p>Der <strong>Gaumen<\/strong>ist sehr gef\u00e4llig. Der lange Abgang und die Vanille-Noten machen diesen Brand k\u00f6stlich.<\/p>\n","protected":false},"featured_media":30360,"comment_status":"open","ping_status":"closed","template":"","meta":[],"product_brand":[],"product_cat":[72],"product_tag":[],"class_list":{"0":"post-31259","1":"product","2":"type-product","3":"status-publish","4":"has-post-thumbnail","6":"product_cat-branntweine","8":"first","9":"instock","10":"shipping-taxable","11":"purchasable","12":"product-type-variable","13":"has-default-attributes"},"_links":{"self":[{"href":"https:\/\/distilleriedeporrentruy.ch\/de\/wp-json\/wp\/v2\/product\/31259","targetHints":{"allow":["GET"]}}],"collection":[{"href":"https:\/\/distilleriedeporrentruy.ch\/de\/wp-json\/wp\/v2\/product"}],"about":[{"href":"https:\/\/distilleriedeporrentruy.ch\/de\/wp-json\/wp\/v2\/types\/product"}],"replies":[{"embeddable":true,"href":"https:\/\/distilleriedeporrentruy.ch\/de\/wp-json\/wp\/v2\/comments?post=31259"}],"wp:featuredmedia":[{"embeddable":true,"href":"https:\/\/distilleriedeporrentruy.ch\/de\/wp-json\/wp\/v2\/media\/30360"}],"wp:attachment":[{"href":"https:\/\/distilleriedeporrentruy.ch\/de\/wp-json\/wp\/v2\/media?parent=31259"}],"wp:term":[{"taxonomy":"product_brand","embeddable":true,"href":"https:\/\/distilleriedeporrentruy.ch\/de\/wp-json\/wp\/v2\/product_brand?post=31259"},{"taxonomy":"product_cat","embeddable":true,"href":"https:\/\/distilleriedeporrentruy.ch\/de\/wp-json\/wp\/v2\/product_cat?post=31259"},{"taxonomy":"product_tag","embeddable":true,"href":"https:\/\/distilleriedeporrentruy.ch\/de\/wp-json\/wp\/v2\/product_tag?post=31259"}],"curies":[{"name":"wp","href":"https:\/\/api.w.org\/{rel}","templated":true}]}}