{"id":31255,"date":"2020-11-11T17:16:19","date_gmt":"2020-11-11T16:16:19","guid":{"rendered":"https:\/\/distilleriedeporrentruy.ch\/produit\/aprikose\/"},"modified":"2025-12-11T10:13:27","modified_gmt":"2025-12-11T09:13:27","slug":"aprikose","status":"publish","type":"product","link":"https:\/\/distilleriedeporrentruy.ch\/de\/produit\/aprikose\/","title":{"rendered":"Aprikose"},"content":{"rendered":"<h2>Die Anekdote&#8230;<\/h2>\n<p>Nun, meine Favoriten aus dem Wallis sind <strong>Luizet-Aprikosen. <\/strong><\/p>\n<p>Sofort nach der R\u00fcckkehr beginnen wir zu sortieren. Jede einzelne Aprikose wandert durch unsere H\u00e4nde und wird auf ausreichende Reife und F\u00e4ulefreiheit gepr\u00fcft, bevor wir sie entsteinen. Dabei handelt es sich einmal mehr um <strong>eine langwierige, aber unumg\u00e4ngliche Aufgabe um ein Produkt von&#8230; umwerfender Qualit\u00e4t zu erhalten.<\/strong> <\/p>\n","protected":false},"excerpt":{"rendered":"<p>Wie meine Birnen stammen auch meine <strong>Aprikosen<\/strong><strong>aus dem Wallis.<\/strong> Jeden Sommer reise ich mehrmals aus meinem <strong>heimatlichen Elsgau<\/strong> (Ajoie auf Franz\u00f6sisch) ins Wallis, um meine Lieblingssorte, n\u00e4mlich die Luizet-Aprikose abzuholen. Lies Sie die Anekdote&#8230;<\/p>\n","protected":false},"featured_media":30352,"comment_status":"open","ping_status":"closed","template":"","meta":[],"product_brand":[],"product_cat":[72],"product_tag":[],"class_list":{"0":"post-31255","1":"product","2":"type-product","3":"status-publish","4":"has-post-thumbnail","6":"product_cat-branntweine","8":"first","9":"instock","10":"shipping-taxable","11":"purchasable","12":"product-type-variable","13":"has-default-attributes"},"_links":{"self":[{"href":"https:\/\/distilleriedeporrentruy.ch\/de\/wp-json\/wp\/v2\/product\/31255","targetHints":{"allow":["GET"]}}],"collection":[{"href":"https:\/\/distilleriedeporrentruy.ch\/de\/wp-json\/wp\/v2\/product"}],"about":[{"href":"https:\/\/distilleriedeporrentruy.ch\/de\/wp-json\/wp\/v2\/types\/product"}],"replies":[{"embeddable":true,"href":"https:\/\/distilleriedeporrentruy.ch\/de\/wp-json\/wp\/v2\/comments?post=31255"}],"wp:featuredmedia":[{"embeddable":true,"href":"https:\/\/distilleriedeporrentruy.ch\/de\/wp-json\/wp\/v2\/media\/30352"}],"wp:attachment":[{"href":"https:\/\/distilleriedeporrentruy.ch\/de\/wp-json\/wp\/v2\/media?parent=31255"}],"wp:term":[{"taxonomy":"product_brand","embeddable":true,"href":"https:\/\/distilleriedeporrentruy.ch\/de\/wp-json\/wp\/v2\/product_brand?post=31255"},{"taxonomy":"product_cat","embeddable":true,"href":"https:\/\/distilleriedeporrentruy.ch\/de\/wp-json\/wp\/v2\/product_cat?post=31255"},{"taxonomy":"product_tag","embeddable":true,"href":"https:\/\/distilleriedeporrentruy.ch\/de\/wp-json\/wp\/v2\/product_tag?post=31255"}],"curies":[{"name":"wp","href":"https:\/\/api.w.org\/{rel}","templated":true}]}}