{"id":30493,"date":"2020-10-20T17:23:16","date_gmt":"2020-10-20T15:23:16","guid":{"rendered":"https:\/\/distilleriedeporrentruy.ch\/allgemeine-verkaufsbedingungen\/"},"modified":"2021-03-17T15:20:20","modified_gmt":"2021-03-17T14:20:20","slug":"allgemeine-verkaufsbedingungen","status":"publish","type":"page","link":"https:\/\/distilleriedeporrentruy.ch\/de\/allgemeine-verkaufsbedingungen\/","title":{"rendered":"Allgemeine Verkaufsbedingungen"},"content":{"rendered":"\n<h1 class=\"nm-block-heading big-title wp-block-heading\">Allgemeine Gesch\u00e4ftsbedingungen<\/h1>\n\n<h2 class=\"nm-block-heading wp-block-heading\">Preise<\/h2>\n\n<p>Die Preise dieses Shops sind in Schweizer Franken angegeben, Nettobetr\u00e4ge, inklusive Mehrwertsteuer und sind verbindlich.<\/p>\n\n<p>Artikel, die unter eine Garantie fallen, unterliegen den zum Zeitpunkt des Kaufs geltenden Angebotsbedingungen.<\/p>\n\n<p>Die Garantie tritt am Tag der Lieferung des Artikels in Kraft und ist durch das beiliegende Dokument (Rechnung) belegt. Wir bitten Sie, es sorgf\u00e4ltig aufzubewahren. Nicht versichert sind: Sch\u00e4den durch unsachgem\u00e4sse Pflege oder Bruch durch unsachgem\u00e4sse Handhabung.<\/p>\n\n<h2 class=\"nm-block-heading wp-block-heading\">Verf\u00fcgbarkeit<\/h2>\n\n<p>Im Falle der Nichtverfu\u0308gbarkeit eines Produktes werden wir Sie so schnell wie m\u00f6glich informieren.<\/p>\n\n<h2 class=\"nm-block-heading wp-block-heading\">Zahlungsbedingungen<\/h2>\n\n<p>Zahlungsmethoden: Visa, MasterCard und Twint.<\/p>\n\n<h2 class=\"nm-block-heading wp-block-heading\">Lieferung und Transport<\/h2>\n\n<p>Verf\u00fcgbare Artikel werden innerhalb von 5 bis 8 Tagen per Post verschickt. Eine Teilnahme Ihrerseits wird nur einmal pro Bestellung beantragt.<\/p>\n\n<p><strong>BITTE BEACHTEN SIE :<\/strong> Die Distillerie de Porrentruy SA liefert ihre Pakete nicht an Postf\u00e4cher und liefert keine Waren an Minderj\u00e4hrige oder Kunden unter Vormundschaft, ausser mit schriftlicher Genehmigung der Eltern oder des Vormunds.<\/p>\n\n<h2 class=\"nm-block-heading wp-block-heading\">R\u00fcckgabe oder Umtausch von Waren<\/h2>\n\n<p>Die Artikel m\u00fcssen innerhalb von 7 Tagen nach Erhalt Deines Pakets in ihrer Originalverpackung (mit Etiketten, auf denen Dein Referenzen vermerkt sind) zusammen mit dem Lieferschein vollst\u00e4ndig und unversehrt zur\u00fcckgegeben werden. Du bist f\u00fcr die Ru\u0308ckversandkosten verantwortlich.<\/p>\n\n<h2 class=\"nm-block-heading wp-block-heading\">Rechtliche Garantien<\/h2>\n\n<p>\u00dcberpru\u0308fe Sie den Zustand der gelieferten Ware unverzu\u0308glich, um offensichtliche Material- und Herstellungsfehler sowie Transportsch\u00e4den auszuschliessen. Nach dem Gesetz sind Sie verpflichtet, uns alle M\u00e4ngel oder Fehler an den gelieferten Waren mitzuteilen, damit wir diese beheben k\u00f6nnen.<\/p>\n\n<h2 class=\"nm-block-heading wp-block-heading\">Datenschutz<\/h2>\n\n<p>Alle pers\u00f6nlichen Daten werden vertraulich behandelt. Die fu\u0308r die Verwaltung der Bestellung erforderlichen Informationen werden einer EDV-Verarbeitung unterzogen und k\u00f6nnen im Rahmen der Verwaltung der Bestellung an verbundene Unternehmen weitergegeben werden.<\/p>\n\n<h2 class=\"nm-block-heading wp-block-heading\">Anwendbares Recht und Gerichtsstand<\/h2>\n\n<p>Das anwendbare Recht ist Schweizer Recht, und jede Streitigkeit wird vom Bezirksgericht des Kantons Jura behandelt.<\/p>\n","protected":false},"excerpt":{"rendered":"<p>Allgemeine Gesch\u00e4ftsbedingungen Preise Die Preise dieses Shops sind in Schweizer Franken angegeben, Nettobetr\u00e4ge, inklusive Mehrwertsteuer und sind verbindlich. Artikel, die unter eine Garantie fallen, unterliegen den zum Zeitpunkt des Kaufs geltenden Angebotsbedingungen. Die Garantie tritt am Tag der Lieferung des Artikels in Kraft und ist durch das beiliegende Dokument (Rechnung) belegt. Wir bitten Sie, es &hellip;<\/p>\n","protected":false},"author":1,"featured_media":0,"parent":0,"menu_order":0,"comment_status":"closed","ping_status":"closed","template":"","meta":{"footnotes":""},"class_list":["post-30493","page","type-page","status-publish","hentry"],"_links":{"self":[{"href":"https:\/\/distilleriedeporrentruy.ch\/de\/wp-json\/wp\/v2\/pages\/30493","targetHints":{"allow":["GET"]}}],"collection":[{"href":"https:\/\/distilleriedeporrentruy.ch\/de\/wp-json\/wp\/v2\/pages"}],"about":[{"href":"https:\/\/distilleriedeporrentruy.ch\/de\/wp-json\/wp\/v2\/types\/page"}],"author":[{"embeddable":true,"href":"https:\/\/distilleriedeporrentruy.ch\/de\/wp-json\/wp\/v2\/users\/1"}],"replies":[{"embeddable":true,"href":"https:\/\/distilleriedeporrentruy.ch\/de\/wp-json\/wp\/v2\/comments?post=30493"}],"version-history":[{"count":5,"href":"https:\/\/distilleriedeporrentruy.ch\/de\/wp-json\/wp\/v2\/pages\/30493\/revisions"}],"predecessor-version":[{"id":31694,"href":"https:\/\/distilleriedeporrentruy.ch\/de\/wp-json\/wp\/v2\/pages\/30493\/revisions\/31694"}],"wp:attachment":[{"href":"https:\/\/distilleriedeporrentruy.ch\/de\/wp-json\/wp\/v2\/media?parent=30493"}],"curies":[{"name":"wp","href":"https:\/\/api.w.org\/{rel}","templated":true}]}}