{"id":30437,"date":"2020-10-20T14:57:50","date_gmt":"2020-10-20T12:57:50","guid":{"rendered":"https:\/\/distilleriedeporrentruy.ch\/kontakt\/"},"modified":"2023-10-09T17:12:08","modified_gmt":"2023-10-09T15:12:08","slug":"kontakt","status":"publish","type":"page","link":"https:\/\/distilleriedeporrentruy.ch\/de\/kontakt\/","title":{"rendered":"Kontakt"},"content":{"rendered":"<div class=\"wpb-content-wrapper\"><p>[vc_row type=&#8220;full-nopad&#8220;][vc_column offset=&#8220;vc_col-lg-offset-0 vc_col-lg-12 vc_col-md-offset-0 vc_col-md-12 vc_col-sm-offset-0&#8243; css=&#8220;.vc_custom_1599154249353{padding-top: 47px !important;}&#8220;][vc_column_text el_class=&#8220;dp-hide&#8220;]<\/p>\n<h1>Kontakt &#8211; Brennerei in Porrentruy &#8211; Herv\u00e9 Blanchard<\/h1>\n<p>[\/vc_column_text][vc_column_text el_class=&#8220;big-title&#8220;]<\/p>\n<h2>Grunz mir was<\/h2>\n<p>[\/vc_column_text][\/vc_column][\/vc_row][vc_row type=&#8220;boxed&#8220; css=&#8220;.vc_custom_1603379015488{padding-top: 48px !important;}&#8220;][vc_column width=&#8220;1\/3&#8243; offset=&#8220;vc_col-md-offset-1&#8243;][vc_column_text]<\/p>\n<h3>Vor Ort<\/h3>\n<p>[\/vc_column_text][vc_empty_space height=&#8220;17px&#8220;][\/vc_column][vc_column width=&#8220;2\/3&#8243; offset=&#8220;vc_col-md-6&#8243;][vc_column_text]Ich heisse Dich w\u00e4hrend der \u00d6ffnungszeiten in meiner Brennerei-H\u00f6hle herzlich willkommen, kleine Wildsau.<\/p>\n<p>Du wirst sehen, in meiner Brennerei ist es sch\u00f6n und es riecht wunderbar nach Obst.[\/vc_column_text][\/vc_column][\/vc_row][vc_row type=&#8220;boxed&#8220; css=&#8220;.vc_custom_1602772051140{padding-top: 48px !important;}&#8220;][vc_column width=&#8220;1\/3&#8243; offset=&#8220;vc_col-md-offset-1&#8243;][vc_column_text]<\/p>\n<h3>\u00d6ffnungszeiten<\/h3>\n<p>[\/vc_column_text][vc_empty_space height=&#8220;17px&#8220;][\/vc_column][vc_column width=&#8220;2\/3&#8243; offset=&#8220;vc_col-md-6&#8243;][vc_column_text]<\/p>\n<table class=\"horaires\">\n<tbody>\n<tr>\n<td>Montag<\/td>\n<td>geschlossen<\/td>\n<\/tr>\n<tr>\n<td>Dienstag \u2013 Freitag<\/td>\n<td>08:00 \u2013 12:00<br \/>\n13h30 \u2013 18:00<\/td>\n<\/tr>\n<tr>\n<td>Samstag<\/td>\n<td>08h00 \u2013 12h00<\/td>\n<\/tr>\n<tr>\n<td>Sonntag<\/td>\n<td>geschlossen<\/td>\n<\/tr>\n<\/tbody>\n<\/table>\n<p>[\/vc_column_text][\/vc_column][\/vc_row][vc_row type=&#8220;boxed&#8220; css=&#8220;.vc_custom_1602772056407{padding-top: 48px !important;}&#8220;][vc_column width=&#8220;1\/3&#8243; offset=&#8220;vc_col-md-offset-1&#8243;][vc_column_text]<\/p>\n<h3>Adresse<\/h3>\n<p>[\/vc_column_text][vc_empty_space height=&#8220;17px&#8220;][\/vc_column][vc_column width=&#8220;2\/3&#8243; offset=&#8220;vc_col-md-6&#8243;][vc_column_text]<strong>Distillerie de Porrentruy SA<\/strong><br \/>\nChemin des Grandes-Vies 26<br \/>\n2900 Porrentruy<br \/>\nKanton Jura \u2013 Schweiz[\/vc_column_text][vc_empty_space height=&#8220;17px&#8220;]<div class=\"nm-gmap-embed\" style=\"height:250px\"><iframe loading=\"lazy\" width=\"100%\" height=\"100%\" src=\"https:\/\/maps.google.com\/maps?q=Distillerie+Les+Grandes+Vies+S.A.%2C+Les+Grandes-vies%2C+Porrentruy&t=&z=17&ie=UTF8&iwloc=&output=embed\" frameborder=\"0\" scrolling=\"no\"><\/iframe><\/div>[\/vc_column][\/vc_row][vc_row type=&#8220;boxed&#8220; css=&#8220;.vc_custom_1602772061927{padding-top: 48px !important;}&#8220;][vc_column width=&#8220;1\/3&#8243; offset=&#8220;vc_col-md-offset-1&#8243;][vc_column_text]<\/p>\n<h3>Telefon<\/h3>\n<p>[\/vc_column_text][vc_empty_space height=&#8220;17px&#8220;][\/vc_column][vc_column width=&#8220;2\/3&#8243; offset=&#8220;vc_col-md-6&#8243;][vc_column_text]<a href=\"tel:0041324661401\">0041 (0) 32 466 14 01<\/a><\/p>\n<p><a href=\"tel:0041797546437\">0041 (0) 79 754 64 37<\/a>[\/vc_column_text][vc_empty_space height=&#8220;17px&#8220;][\/vc_column][\/vc_row][vc_row type=&#8220;boxed&#8220; css=&#8220;.vc_custom_1602772066722{padding-top: 48px !important;}&#8220;][vc_column width=&#8220;1\/3&#8243; offset=&#8220;vc_col-md-offset-1&#8243;][vc_column_text]<\/p>\n<h3>E-Mail<\/h3>\n<p>[\/vc_column_text][vc_empty_space height=&#8220;17px&#8220;][\/vc_column][vc_column width=&#8220;2\/3&#8243; offset=&#8220;vc_col-md-6&#8243;][vc_column_text]<a href=\"mailto:info@distilleriedeporrentruy.ch\">info@distilleriedeporrentruy.ch<\/a>[\/vc_column_text][vc_empty_space height=&#8220;17px&#8220;][\/vc_column][\/vc_row][vc_row type=&#8220;boxed&#8220; css=&#8220;.vc_custom_1602772071639{padding-top: 47px !important;padding-bottom: 54px !important;}&#8220;][vc_column width=&#8220;1\/3&#8243; offset=&#8220;vc_col-md-offset-1&#8243;][vc_column_text]<\/p>\n<h3>Formular<\/h3>\n<p>[\/vc_column_text][vc_empty_space height=&#8220;17px&#8220;][\/vc_column][vc_column width=&#8220;2\/3&#8243; offset=&#8220;vc_col-md-6&#8243;]\n<div class=\"wpcf7 no-js\" id=\"wpcf7-f30440-o1\" lang=\"de-DE\" dir=\"ltr\" data-wpcf7-id=\"30440\">\n<div class=\"screen-reader-response\"><p role=\"status\" aria-live=\"polite\" aria-atomic=\"true\"><\/p> <ul><\/ul><\/div>\n<form action=\"\/de\/wp-json\/wp\/v2\/pages\/30437#wpcf7-f30440-o1\" method=\"post\" class=\"wpcf7-form init\" aria-label=\"Kontaktformular\" novalidate=\"novalidate\" data-status=\"init\">\n<fieldset class=\"hidden-fields-container\"><input type=\"hidden\" name=\"_wpcf7\" value=\"30440\" \/><input type=\"hidden\" name=\"_wpcf7_version\" value=\"6.1.4\" \/><input type=\"hidden\" name=\"_wpcf7_locale\" value=\"de_DE\" \/><input type=\"hidden\" name=\"_wpcf7_unit_tag\" value=\"wpcf7-f30440-o1\" \/><input type=\"hidden\" name=\"_wpcf7_container_post\" value=\"0\" \/><input type=\"hidden\" name=\"_wpcf7_posted_data_hash\" value=\"\" \/><input type=\"hidden\" name=\"_wpcf7_recaptcha_response\" value=\"\" \/>\n<\/fieldset>\n<p><label> Ihr Name (erforderlich) <span class=\"wpcf7-form-control-wrap\" data-name=\"your-name\"><input size=\"40\" maxlength=\"400\" class=\"wpcf7-form-control wpcf7-text wpcf7-validates-as-required\" aria-required=\"true\" aria-invalid=\"false\" value=\"\" type=\"text\" name=\"your-name\" \/><\/span> <\/label>\n<\/p>\n<p><label> E-Mail (erforderlich) <span class=\"wpcf7-form-control-wrap\" data-name=\"your-email\"><input size=\"40\" maxlength=\"400\" class=\"wpcf7-form-control wpcf7-email wpcf7-validates-as-required wpcf7-text wpcf7-validates-as-email\" aria-required=\"true\" aria-invalid=\"false\" value=\"\" type=\"email\" name=\"your-email\" \/><\/span> <\/label>\n<\/p>\n<p><label> Betreff <span class=\"wpcf7-form-control-wrap\" data-name=\"your-subject\"><input size=\"40\" maxlength=\"400\" class=\"wpcf7-form-control wpcf7-text\" aria-invalid=\"false\" value=\"\" type=\"text\" name=\"your-subject\" \/><\/span> <\/label>\n<\/p>\n<p><label> Nachricht <span class=\"wpcf7-form-control-wrap\" data-name=\"your-message\"><textarea cols=\"40\" rows=\"10\" maxlength=\"2000\" class=\"wpcf7-form-control wpcf7-textarea\" aria-invalid=\"false\" name=\"your-message\"><\/textarea><\/span> <\/label>\n<\/p>\n<p><input class=\"wpcf7-form-control wpcf7-submit has-spinner\" type=\"submit\" value=\"Senden\" \/>\n<\/p><p style=\"display: none !important;\" class=\"akismet-fields-container\" data-prefix=\"_wpcf7_ak_\"><label>&#916;<textarea name=\"_wpcf7_ak_hp_textarea\" cols=\"45\" rows=\"8\" maxlength=\"100\"><\/textarea><\/label><input type=\"hidden\" id=\"ak_js_1\" name=\"_wpcf7_ak_js\" value=\"18\"\/><script>document.getElementById( \"ak_js_1\" ).setAttribute( \"value\", ( new Date() ).getTime() );<\/script><\/p><div class=\"wpcf7-response-output\" aria-hidden=\"true\"><\/div>\n<\/form>\n<\/div>\n[\/vc_column][\/vc_row]<\/p>\n<\/div>","protected":false},"excerpt":{"rendered":"<p>[vc_row type=&#8220;full-nopad&#8220;][vc_column offset=&#8220;vc_col-lg-offset-0 vc_col-lg-12 vc_col-md-offset-0 vc_col-md-12 vc_col-sm-offset-0&#8243; css=&#8220;.vc_custom_1599154249353{padding-top: 47px !important;}&#8220;][vc_column_text el_class=&#8220;dp-hide&#8220;] Kontakt &#8211; Brennerei in Porrentruy &#8211; Herv\u00e9 Blanchard [\/vc_column_text][vc_column_text el_class=&#8220;big-title&#8220;] Grunz mir was [\/vc_column_text][\/vc_column][\/vc_row][vc_row type=&#8220;boxed&#8220; css=&#8220;.vc_custom_1603379015488{padding-top: 48px !important;}&#8220;][vc_column width=&#8220;1\/3&#8243; offset=&#8220;vc_col-md-offset-1&#8243;][vc_column_text] Vor Ort [\/vc_column_text][vc_empty_space height=&#8220;17px&#8220;][\/vc_column][vc_column width=&#8220;2\/3&#8243; offset=&#8220;vc_col-md-6&#8243;][vc_column_text]Ich heisse Dich w\u00e4hrend der \u00d6ffnungszeiten in meiner Brennerei-H\u00f6hle herzlich willkommen, kleine Wildsau. Du wirst sehen, in meiner Brennerei &hellip;<\/p>\n","protected":false},"author":1,"featured_media":0,"parent":0,"menu_order":0,"comment_status":"closed","ping_status":"closed","template":"templates\/page-full.php","meta":{"footnotes":""},"class_list":["post-30437","page","type-page","status-publish","hentry"],"_links":{"self":[{"href":"https:\/\/distilleriedeporrentruy.ch\/de\/wp-json\/wp\/v2\/pages\/30437","targetHints":{"allow":["GET"]}}],"collection":[{"href":"https:\/\/distilleriedeporrentruy.ch\/de\/wp-json\/wp\/v2\/pages"}],"about":[{"href":"https:\/\/distilleriedeporrentruy.ch\/de\/wp-json\/wp\/v2\/types\/page"}],"author":[{"embeddable":true,"href":"https:\/\/distilleriedeporrentruy.ch\/de\/wp-json\/wp\/v2\/users\/1"}],"replies":[{"embeddable":true,"href":"https:\/\/distilleriedeporrentruy.ch\/de\/wp-json\/wp\/v2\/comments?post=30437"}],"version-history":[{"count":5,"href":"https:\/\/distilleriedeporrentruy.ch\/de\/wp-json\/wp\/v2\/pages\/30437\/revisions"}],"predecessor-version":[{"id":32398,"href":"https:\/\/distilleriedeporrentruy.ch\/de\/wp-json\/wp\/v2\/pages\/30437\/revisions\/32398"}],"wp:attachment":[{"href":"https:\/\/distilleriedeporrentruy.ch\/de\/wp-json\/wp\/v2\/media?parent=30437"}],"curies":[{"name":"wp","href":"https:\/\/api.w.org\/{rel}","templated":true}]}}