{"id":30433,"date":"2020-10-20T14:51:51","date_gmt":"2020-10-20T12:51:51","guid":{"rendered":"https:\/\/distilleriedeporrentruy.ch\/meine-destillerie-aus-porrentruy\/"},"modified":"2025-09-19T11:10:10","modified_gmt":"2025-09-19T09:10:10","slug":"meine-destillerie-aus-porrentruy","status":"publish","type":"page","link":"https:\/\/distilleriedeporrentruy.ch\/de\/meine-destillerie-aus-porrentruy\/","title":{"rendered":"Meine Brennerei in Porrentruy"},"content":{"rendered":"<div class=\"wpb-content-wrapper\"><p>[vc_row type=&#8220;full-nopad&#8220;][vc_column]\r\n\t\t\t<div class=\"nm-banner content-boxed image-type-css has-alt-image text-color-light subtitle-below\" style=\"background-color: #000000;\"><div class=\"nm-banner-image\" style=\"height:80vh; background-image:url(https:\/\/distilleriedeporrentruy.ch\/wp-content\/uploads\/2020\/08\/herve-le-distilleur-flou-distillerie-porrentruy-fonce.jpg);\"><\/div><div class=\"nm-banner-image nm-banner-alt-image\" style=\"height:80vh;background-image:url(https:\/\/distilleriedeporrentruy.ch\/wp-content\/uploads\/2020\/08\/herve-le-distilleur-flou-distillerie-porrentruy-fonce.jpg);\"><\/div>\r\n\t\t\t\t<div class=\"nm-banner-content\">\r\n\t\t\t\t\t<div class=\"nm-banner-content-inner h_left v_bottom align_left\">\r\n\t\t\t\t\t\t<div class=\"nm-banner-text xlarge\" style=\"\">\r\n\t\t\t\t\t\t\t<div class=\"nm-banner-text-inner animated\" data-animate=\"fadeIn\"><h1 class=\"nm-banner-title\">Meine Brennerei in Porrentruy<\/h1><p class=\"nm-banner-subtitle nm-alt-font\">M\u00f6chtest Du ein paar Flaschen bestellen?<br \/>\nOder m\u00f6chtest Du die Brennerei besuchen?<br \/>\nZ\u00f6gern Du immer noch, zum Brennen zu kommen?<\/p><\/div>\r\n\t\t\t\t\t\t<\/div>\r\n\t\t\t\t\t<\/div>\r\n\t\t\t\t<\/div>\r\n\t\t\t<\/div>[\/vc_column][\/vc_row][vc_row type=&#8220;boxed&#8220; css=&#8220;.vc_custom_1603311241257{padding-top: 40px !important;padding-bottom: 40px !important;background-position: 0 0 !important;background-repeat: no-repeat !important;}&#8220; el_id=&#8220;Destillationen&#8220;][vc_column width=&#8220;1\/2&#8243; offset=&#8220;vc_col-lg-offset-0 vc_col-md-offset-0 vc_col-sm-offset-0&#8243; css=&#8220;.vc_custom_1603311257996{margin-bottom: 20px !important;background-image: url(https:\/\/www.distilleriedeporrentruy.ch\/wp-contentuploads\/2020\/10\/logo-sanglier-distillation-clair-simple.svg?id=30697) !important;background-position: center !important;background-repeat: no-repeat !important;background-size: contain !important;}&#8220;][vc_column_text css=&#8220;.vc_custom_1603206321653{margin-top: 20px !important;margin-bottom: 40px !important;}&#8220;]<\/p>\n<h2 style=\"text-align: center;\">Deine Destillationen<\/h2>\n<p>[\/vc_column_text][vc_column_text css=&#8220;.vc_custom_1603358005650{margin-bottom: 40px !important;background-position: center !important;background-repeat: no-repeat !important;background-size: contain !important;}&#8220;]Ich mach mich mit Herzblut an den Brennhafen, oder besser gesagt, ich nehme die Arbeit in die Klauen, um Dein Obst auf die edelste Art und Weise zu brennen.<\/p>\n<p>Genauso, um Dich meine erlesenen Branntweine kosten zu lassen oder Dir meine Wildschweinh\u00f6hle zu zeigen. Sie ist so eingerichtet, dass Du sowohl in der Gruppe als auch allein schlemmen kannst.[\/vc_column_text][vc_empty_space]\r\n\t\t\t<div class=\"nm_btn_align_center\">\r\n\t\t\t\t<a href=\"https:\/\/distilleriedeporrentruy.ch\/liste-de-prix-distillation-a-facon\/\" class=\"nm_btn nm_btn_md nm_btn_filled\" title=\"Shop\">\r\n\t\t\t\t\t<span class=\"nm_btn_title\">Preisliste<\/span>\r\n\t\t\t\t\t<span class=\"nm_btn_bg\" style=\"background-color:#9e8a78;\"><\/span>\r\n\t\t\t\t<\/a>\r\n\t\t\t<\/div>[\/vc_column][vc_column width=&#8220;1\/2&#8243; offset=&#8220;vc_col-lg-offset-1 vc_col-lg-5 vc_col-md-offset-0 vc_col-md-6 vc_col-sm-offset-0 vc_hidden-xs&#8220;][vc_single_image image=&#8220;30404&#8243; img_size=&#8220;full&#8220; alignment=&#8220;right&#8220;][\/vc_column][\/vc_row][vc_row content_placement=&#8220;middle&#8220; css=&#8220;.vc_custom_1757342079859{background-image: url(https:\/\/distilleriedeporrentruy.ch\/wp-content\/uploads\/2020\/04\/distillerie-porrentruy-salon-amis.jpg?id=29100) !important;background-position: center !important;background-repeat: no-repeat !important;background-size: cover !important;}&#8220; el_id=&#8220;probieren&#8220; el_class=&#8220;bg-parallax&#8220;][vc_column offset=&#8220;vc_col-lg-offset-7 vc_col-lg-5 vc_col-md-offset-6 vc_col-md-6 vc_col-sm-offset-0&#8243; css=&#8220;.vc_custom_1602859597551{margin-bottom: 0px !important;padding-right: 0px !important;padding-left: 0px !important;}&#8220; el_class=&#8220;col-clair max500&#8243;][vc_column_text css=&#8220;.vc_custom_1602767036740{margin-bottom: 40px !important;}&#8220;]<\/p>\n<h2><span style=\"color: #ffffff;\">Verkostung &amp; Besichtigung<\/span><\/h2>\n<p>[\/vc_column_text][vc_column_text css=&#8220;.vc_custom_1758272446415{margin-bottom: 40px !important;}&#8220;]<span style=\"color: #ffffff;\">In der Wildschweinh\u00f6hle ist fast alles m\u00f6glich: auf Anfrage und Wunsch k\u00f6nnen Sie zu meinen Branntweinen etwas Leckeres knabbern! Ich mache das auf Anfrage und speziell auf Deine W\u00fcnsche zugeschnitten. Kontaktiere mich daf\u00fcr!<br \/>\n<\/span><\/p>\n<p><strong><span style=\"color: #ffffff;\">So&#8230; Feinschmecker ?<\/span><\/strong><br \/>\n<span style=\"color: #ffffff;\">Wir richten uns ganz nach Ihrem Budget, fragen Sie einfach!<\/span><\/p>\n<p><strong><span style=\"color: #ffffff;\">Nur Verkosten?<\/span><\/strong><br \/>\n<span style=\"color: #ffffff;\">Gerne!<\/span>[\/vc_column_text]\r\n\t\t\t<div class=\"nm_btn_align_center\">\r\n\t\t\t\t<a href=\"https:\/\/distilleriedeporrentruy.ch\/me-contacter\/\" class=\"nm_btn nm_btn_md nm_btn_filled\" title=\"Shop\">\r\n\t\t\t\t\t<span class=\"nm_btn_title\">Mach einen Termin ab!<\/span>\r\n\t\t\t\t\t<span class=\"nm_btn_bg\" style=\"background-color:#9e8a78;\"><\/span>\r\n\t\t\t\t<\/a>\r\n\t\t\t<\/div>[\/vc_column][\/vc_row][vc_row type=&#8220;boxed&#8220; css=&#8220;.vc_custom_1602772330029{margin-top: 60px !important;margin-bottom: 60px !important;background-position: 0 0 !important;background-repeat: no-repeat !important;}&#8220; el_id=&#8220;meine-branntweine&#8220;][vc_column width=&#8220;1\/2&#8243; offset=&#8220;vc_col-lg-offset-0 vc_col-md-offset-0 vc_col-sm-offset-0&#8243; css=&#8220;.vc_custom_1603311815040{margin-bottom: 20px !important;background-image: url(https:\/\/www.distilleriedeporrentruy.ch\/wp-contentuploads\/2020\/10\/logo-sanglier-eaux-de-vie-clair.svg?id=30703) !important;background-position: center !important;background-repeat: no-repeat !important;background-size: contain !important;}&#8220;][vc_column_text css=&#8220;.vc_custom_1602770974887{margin-bottom: 40px !important;}&#8220;]<\/p>\n<h2 style=\"text-align: center;\">Meine Branntweine<\/h2>\n<p>[\/vc_column_text][vc_column_text css=&#8220;.vc_custom_1602756391394{margin-bottom: 40px !important;}&#8220;]Es ist&#8230; mein Leben! Meine Leidenschaft f\u00fcr das Pfl\u00fccken und Brennen kommt aus der Jura-Tradition (eigentlich aus der Ajoie, nat\u00fcrlich).<\/p>\n<p>Und von meinem Vater. Mit ihm ging ich als Kind durch die Obstg\u00e4rten auf der Suche nach der segensreichen Ernte und den g\u00f6ttlichen Fr\u00fcchten von unbehandelten B\u00e4umen, das m\u00f6chte ich betonen.<\/p>\n<p>Kein chemischer Dreck in meinem Obstgarten. Denn f\u00fcr mich ist die Gesundheit der Wildschweine und ihres nat\u00fcrlichen Lebensraums Priorit\u00e4t.[\/vc_column_text][vc_empty_space]\r\n\t\t\t<div class=\"nm_btn_align_center\">\r\n\t\t\t\t<a href=\"https:\/\/distilleriedeporrentruy.ch\/boutique\/\" class=\"nm_btn nm_btn_md nm_btn_filled\" title=\"Shop\">\r\n\t\t\t\t\t<span class=\"nm_btn_title\">Online Shop<\/span>\r\n\t\t\t\t\t<span class=\"nm_btn_bg\" style=\"background-color:#9e8a78;\"><\/span>\r\n\t\t\t\t<\/a>\r\n\t\t\t<\/div>[\/vc_column][vc_column width=&#8220;1\/2&#8243; offset=&#8220;vc_col-lg-offset-1 vc_col-lg-5 vc_col-md-offset-0 vc_col-md-6 vc_col-sm-offset-0 vc_hidden-xs&#8220;][vc_single_image image=&#8220;30342&#8243; img_size=&#8220;full&#8220; alignment=&#8220;right&#8220;][\/vc_column][\/vc_row][vc_row type=&#8220;boxed&#8220; css=&#8220;.vc_custom_1602864251731{margin-bottom: 60px !important;}&#8220; el_id=&#8220;fotos&#8220;][vc_column width=&#8220;1\/2&#8243; offset=&#8220;vc_col-lg-offset-0 vc_col-lg-6 vc_col-md-offset-0 vc_col-md-6 vc_col-sm-offset-0&#8243; css=&#8220;.vc_custom_1602864279679{margin-top: 40px !important;}&#8220; el_id=&#8220;histoire&#8220;][vc_single_image image=&#8220;30241&#8243; img_size=&#8220;&#8220; el_class=&#8220;height-60&#8243;][vc_column_text css=&#8220;.vc_custom_1605628811865{margin-top: 60px !important;margin-bottom: 40px !important;}&#8220;]<\/p>\n<h2 style=\"text-align: center;\">Die Geschichte<\/h2>\n<p>[\/vc_column_text][vc_column_text css=&#8220;.vc_custom_1607453530218{background-image: url(https:\/\/www.distilleriedeporrentruy.ch\/wp-contentuploads\/2020\/10\/visite-services-simple-vertical.svg?id=30713) !important;background-position: center !important;background-repeat: no-repeat !important;background-size: contain !important;}&#8220;]Im August 2016, w\u00e4hrend einer Reise nach S\u00fcdamerika, als wir mit dem Rucksack unterwegs waren und \u00fcber die Arbeit sprachen, stellte mir meine Freundin Tania diese Frage:<\/p>\n<blockquote><p>Kannst Du Dir wirklich nicht vorstellen, von den Fr\u00fcchten Deines Obstgartens zu leben?<\/p><\/blockquote>\n<p>Die Antwort auf diese Frage hatte ich nat\u00fcrlich im Hinterkopf, aber ich konnte noch nicht meine beiden Klauen daf\u00fcr ins Feuer legen Tief im Inneren war ich immer noch wie erstarrt. Beim Gedanken meine Komfortzone zu verlassen um eine berufliche T\u00e4tigkeit aufzunehmen, die sicherlich riskant war aber viel mehr dem entspricht was ich bin, wurde mir ganz mulmig im Bauch.<\/p>\n<p>W\u00e4hrend wir in Richtung Titicacasee weiterreisten, ging mir die Frage von Tania nicht aus dem Kopf und erinnerte mich nat\u00fcrlich an meinen lieben Vater, der uns zur\u00fcckgelassen hat. W\u00e4hrend dieser \u00dcberfahrt trafen wir einen Belgier, mit dem wir lang \u00fcber unsere jeweiligen Lebenswege diskutierten\u2026<\/p>\n<p>Pl\u00f6tzlich hatte ich diese Offenbarung:<br \/>\nWenn ich dieses Wissen und meine von meinem Vater \u00fcberlieferte Leidenschaft f\u00fcr das Schnapsbrennen nicht nutzen w\u00fcrde, w\u00fcrde ich es sicherlich bereuen!<\/p>\n<p>Diese Begegnungen und Diskussionen waren in Wirklichkeit nichts anderes als Zeichen, die mein Vater mir geschickt hatte! Dann traf ich meine Entscheidung: Ich w\u00fcrde das Zepter von meinem Vater \u00fcbernehmen und es zu meinem Beruf machen: Schnapsbrenner.<\/p>\n<p>Er wird stolz sein, so hoffe ich.[\/vc_column_text][\/vc_column][vc_column width=&#8220;1\/2&#8243; offset=&#8220;vc_col-lg-offset-1 vc_col-lg-5 vc_col-md-offset-0 vc_col-md-6 vc_col-sm-offset-0&#8243; css=&#8220;.vc_custom_1602861451961{margin-top: 40px !important;}&#8220;][vc_single_image image=&#8220;30241&#8243; img_size=&#8220;&#8220; el_class=&#8220;height-60&#8243;][vc_column_text css=&#8220;.vc_custom_1602861532035{margin-top: 60px !important;margin-bottom: 40px !important;}&#8220;]<\/p>\n<h2 style=\"text-align: center;\">Shooooting<\/h2>\n<p>[\/vc_column_text][vc_column_text]<\/p>\n<div id='gallery-1' class='gallery galleryid-30433 gallery-columns-3 gallery-size-thumbnail'><dl class='gallery-item'>\n\t\t\t<dt class='gallery-icon portrait'>\n\t\t\t\t<a href='https:\/\/distilleriedeporrentruy.ch\/wp-content\/uploads\/2020\/09\/distillerie-porrentruy-bureau-bian.jpg'><img loading=\"lazy\" decoding=\"async\" width=\"150\" height=\"150\" src=\"https:\/\/distilleriedeporrentruy.ch\/wp-content\/uploads\/2020\/09\/distillerie-porrentruy-bureau-bian-150x150.jpg\" class=\"attachment-thumbnail size-thumbnail\" alt=\"Distillerie de Porrentruy Das B\u00fcro von Herv\u00e9 Blanchard\" srcset=\"https:\/\/distilleriedeporrentruy.ch\/wp-content\/uploads\/2020\/09\/distillerie-porrentruy-bureau-bian-150x150.jpg 150w, https:\/\/distilleriedeporrentruy.ch\/wp-content\/uploads\/2020\/09\/distillerie-porrentruy-bureau-bian-100x100.jpg 100w\" sizes=\"auto, (max-width: 150px) 100vw, 150px\" \/><\/a>\n\t\t\t<\/dt><\/dl><dl class='gallery-item'>\n\t\t\t<dt class='gallery-icon landscape'>\n\t\t\t\t<a href='https:\/\/distilleriedeporrentruy.ch\/wp-content\/uploads\/2020\/08\/distillerie-porrentruy-trouve-ton-chemin.jpg'><img loading=\"lazy\" decoding=\"async\" width=\"150\" height=\"150\" src=\"https:\/\/distilleriedeporrentruy.ch\/wp-content\/uploads\/2020\/08\/distillerie-porrentruy-trouve-ton-chemin-150x150.jpg\" class=\"attachment-thumbnail size-thumbnail\" alt=\"Distillerie de Porrentruy - Finden Sie Ihren Weg\" srcset=\"https:\/\/distilleriedeporrentruy.ch\/wp-content\/uploads\/2020\/08\/distillerie-porrentruy-trouve-ton-chemin-150x150.jpg 150w, https:\/\/distilleriedeporrentruy.ch\/wp-content\/uploads\/2020\/08\/distillerie-porrentruy-trouve-ton-chemin-100x100.jpg 100w\" sizes=\"auto, (max-width: 150px) 100vw, 150px\" \/><\/a>\n\t\t\t<\/dt><\/dl><dl class='gallery-item'>\n\t\t\t<dt class='gallery-icon portrait'>\n\t\t\t\t<a href='https:\/\/distilleriedeporrentruy.ch\/wp-content\/uploads\/2020\/04\/distillerie-porrentruy-calvajoie-caisse.jpg'><img loading=\"lazy\" decoding=\"async\" width=\"150\" height=\"150\" src=\"https:\/\/distilleriedeporrentruy.ch\/wp-content\/uploads\/2020\/04\/distillerie-porrentruy-calvajoie-caisse-150x150.jpg\" class=\"attachment-thumbnail size-thumbnail\" alt=\"Distillerie Porrentruy Calv\u2019Ajoie\" srcset=\"https:\/\/distilleriedeporrentruy.ch\/wp-content\/uploads\/2020\/04\/distillerie-porrentruy-calvajoie-caisse-150x150.jpg 150w, https:\/\/distilleriedeporrentruy.ch\/wp-content\/uploads\/2020\/04\/distillerie-porrentruy-calvajoie-caisse-100x100.jpg 100w\" sizes=\"auto, (max-width: 150px) 100vw, 150px\" \/><\/a>\n\t\t\t<\/dt><\/dl><br style=\"clear: both\" \/><dl class='gallery-item'>\n\t\t\t<dt class='gallery-icon portrait'>\n\t\t\t\t<a href='https:\/\/distilleriedeporrentruy.ch\/wp-content\/uploads\/2020\/04\/distillerie-porrentruy-mains-pull-sanglier-1.jpg'><img loading=\"lazy\" decoding=\"async\" width=\"150\" height=\"150\" src=\"https:\/\/distilleriedeporrentruy.ch\/wp-content\/uploads\/2020\/04\/distillerie-porrentruy-mains-pull-sanglier-1-150x150.jpg\" class=\"attachment-thumbnail size-thumbnail\" alt=\"distillerie porrentruy bouteille mains pull sanglier\" srcset=\"https:\/\/distilleriedeporrentruy.ch\/wp-content\/uploads\/2020\/04\/distillerie-porrentruy-mains-pull-sanglier-1-150x150.jpg 150w, https:\/\/distilleriedeporrentruy.ch\/wp-content\/uploads\/2020\/04\/distillerie-porrentruy-mains-pull-sanglier-1-100x100.jpg 100w\" sizes=\"auto, (max-width: 150px) 100vw, 150px\" \/><\/a>\n\t\t\t<\/dt><\/dl><dl class='gallery-item'>\n\t\t\t<dt class='gallery-icon portrait'>\n\t\t\t\t<a href='https:\/\/distilleriedeporrentruy.ch\/wp-content\/uploads\/2020\/04\/distillerie-porrentruy-sous-sanglier-1.jpg'><img loading=\"lazy\" decoding=\"async\" width=\"150\" height=\"150\" src=\"https:\/\/distilleriedeporrentruy.ch\/wp-content\/uploads\/2020\/04\/distillerie-porrentruy-sous-sanglier-1-150x150.jpg\" class=\"attachment-thumbnail size-thumbnail\" alt=\"distillerie porrentruy Flasche und Gl\u00e4ser unter dem Wildschwein\" srcset=\"https:\/\/distilleriedeporrentruy.ch\/wp-content\/uploads\/2020\/04\/distillerie-porrentruy-sous-sanglier-1-150x150.jpg 150w, https:\/\/distilleriedeporrentruy.ch\/wp-content\/uploads\/2020\/04\/distillerie-porrentruy-sous-sanglier-1-100x100.jpg 100w\" sizes=\"auto, (max-width: 150px) 100vw, 150px\" \/><\/a>\n\t\t\t<\/dt><\/dl><dl class='gallery-item'>\n\t\t\t<dt class='gallery-icon portrait'>\n\t\t\t\t<a href='https:\/\/distilleriedeporrentruy.ch\/wp-content\/uploads\/2020\/04\/distillerie-porrentruy-casquette.jpg'><img loading=\"lazy\" decoding=\"async\" width=\"150\" height=\"150\" src=\"https:\/\/distilleriedeporrentruy.ch\/wp-content\/uploads\/2020\/04\/distillerie-porrentruy-casquette-150x150.jpg\" class=\"attachment-thumbnail size-thumbnail\" alt=\"Distillerie Porrentruy Kappe DP\" srcset=\"https:\/\/distilleriedeporrentruy.ch\/wp-content\/uploads\/2020\/04\/distillerie-porrentruy-casquette-150x150.jpg 150w, https:\/\/distilleriedeporrentruy.ch\/wp-content\/uploads\/2020\/04\/distillerie-porrentruy-casquette-100x100.jpg 100w\" sizes=\"auto, (max-width: 150px) 100vw, 150px\" \/><\/a>\n\t\t\t<\/dt><\/dl><br style=\"clear: both\" \/><dl class='gallery-item'>\n\t\t\t<dt class='gallery-icon portrait'>\n\t\t\t\t<a href='https:\/\/distilleriedeporrentruy.ch\/wp-content\/uploads\/2020\/04\/distillerie-porrentruy-bouteille-fenetre.jpg'><img loading=\"lazy\" decoding=\"async\" width=\"150\" height=\"150\" src=\"https:\/\/distilleriedeporrentruy.ch\/wp-content\/uploads\/2020\/04\/distillerie-porrentruy-bouteille-fenetre-150x150.jpg\" class=\"attachment-thumbnail size-thumbnail\" alt=\"Flasche Damassine vor dem Fenster\" srcset=\"https:\/\/distilleriedeporrentruy.ch\/wp-content\/uploads\/2020\/04\/distillerie-porrentruy-bouteille-fenetre-150x150.jpg 150w, https:\/\/distilleriedeporrentruy.ch\/wp-content\/uploads\/2020\/04\/distillerie-porrentruy-bouteille-fenetre-100x100.jpg 100w\" sizes=\"auto, (max-width: 150px) 100vw, 150px\" \/><\/a>\n\t\t\t<\/dt><\/dl><dl class='gallery-item'>\n\t\t\t<dt class='gallery-icon portrait'>\n\t\t\t\t<a href='https:\/\/distilleriedeporrentruy.ch\/wp-content\/uploads\/2020\/04\/distillerie-porrentruy-bouteille-portes.jpg'><img loading=\"lazy\" decoding=\"async\" width=\"150\" height=\"150\" src=\"https:\/\/distilleriedeporrentruy.ch\/wp-content\/uploads\/2020\/04\/distillerie-porrentruy-bouteille-portes-150x150.jpg\" class=\"attachment-thumbnail size-thumbnail\" alt=\"Distillerie de Porrentruy Flasche vor der T\u00fcr\" srcset=\"https:\/\/distilleriedeporrentruy.ch\/wp-content\/uploads\/2020\/04\/distillerie-porrentruy-bouteille-portes-150x150.jpg 150w, https:\/\/distilleriedeporrentruy.ch\/wp-content\/uploads\/2020\/04\/distillerie-porrentruy-bouteille-portes-100x100.jpg 100w\" sizes=\"auto, (max-width: 150px) 100vw, 150px\" \/><\/a>\n\t\t\t<\/dt><\/dl><dl class='gallery-item'>\n\t\t\t<dt class='gallery-icon landscape'>\n\t\t\t\t<a href='https:\/\/distilleriedeporrentruy.ch\/wp-content\/uploads\/2020\/04\/distillerie-porrentruy-salon-fenetre.jpg'><img loading=\"lazy\" decoding=\"async\" width=\"150\" height=\"150\" src=\"https:\/\/distilleriedeporrentruy.ch\/wp-content\/uploads\/2020\/04\/distillerie-porrentruy-salon-fenetre-150x150.jpg\" class=\"attachment-thumbnail size-thumbnail\" alt=\"Branntweinflaschen vor Sesseln und Fenstern\" srcset=\"https:\/\/distilleriedeporrentruy.ch\/wp-content\/uploads\/2020\/04\/distillerie-porrentruy-salon-fenetre-150x150.jpg 150w, https:\/\/distilleriedeporrentruy.ch\/wp-content\/uploads\/2020\/04\/distillerie-porrentruy-salon-fenetre-100x100.jpg 100w\" sizes=\"auto, (max-width: 150px) 100vw, 150px\" \/><\/a>\n\t\t\t<\/dt><\/dl><br style=\"clear: both\" \/><dl class='gallery-item'>\n\t\t\t<dt class='gallery-icon landscape'>\n\t\t\t\t<a href='https:\/\/distilleriedeporrentruy.ch\/wp-content\/uploads\/2020\/04\/distillerie-porrentruy-salon-amis.jpg'><img loading=\"lazy\" decoding=\"async\" width=\"150\" height=\"150\" src=\"https:\/\/distilleriedeporrentruy.ch\/wp-content\/uploads\/2020\/04\/distillerie-porrentruy-salon-amis-150x150.jpg\" class=\"attachment-thumbnail size-thumbnail\" alt=\"Distiellerie de Porrentruy Branntweinflaschen, Topettes und Gl\u00e4ser\" srcset=\"https:\/\/distilleriedeporrentruy.ch\/wp-content\/uploads\/2020\/04\/distillerie-porrentruy-salon-amis-150x150.jpg 150w, https:\/\/distilleriedeporrentruy.ch\/wp-content\/uploads\/2020\/04\/distillerie-porrentruy-salon-amis-100x100.jpg 100w\" sizes=\"auto, (max-width: 150px) 100vw, 150px\" \/><\/a>\n\t\t\t<\/dt><\/dl><dl class='gallery-item'>\n\t\t\t<dt class='gallery-icon landscape'>\n\t\t\t\t<a href='https:\/\/distilleriedeporrentruy.ch\/wp-content\/uploads\/2020\/04\/distillerie-porrentruy-liquide-cuve.jpg'><img loading=\"lazy\" decoding=\"async\" width=\"150\" height=\"150\" src=\"https:\/\/distilleriedeporrentruy.ch\/wp-content\/uploads\/2020\/04\/distillerie-porrentruy-liquide-cuve-150x150.jpg\" class=\"attachment-thumbnail size-thumbnail\" alt=\"Brandy flie\u00dft bei der Distiellerie de Porrentruy\" srcset=\"https:\/\/distilleriedeporrentruy.ch\/wp-content\/uploads\/2020\/04\/distillerie-porrentruy-liquide-cuve-150x150.jpg 150w, https:\/\/distilleriedeporrentruy.ch\/wp-content\/uploads\/2020\/04\/distillerie-porrentruy-liquide-cuve-100x100.jpg 100w\" sizes=\"auto, (max-width: 150px) 100vw, 150px\" \/><\/a>\n\t\t\t<\/dt><\/dl><dl class='gallery-item'>\n\t\t\t<dt class='gallery-icon portrait'>\n\t\t\t\t<a href='https:\/\/distilleriedeporrentruy.ch\/wp-content\/uploads\/2020\/10\/distillerie-porrentruy-verres.jpg'><img loading=\"lazy\" decoding=\"async\" width=\"150\" height=\"150\" src=\"https:\/\/distilleriedeporrentruy.ch\/wp-content\/uploads\/2020\/10\/distillerie-porrentruy-verres-150x150.jpg\" class=\"attachment-thumbnail size-thumbnail\" alt=\"Gl\u00e4ser aus der Brennerei Porrentruy\" srcset=\"https:\/\/distilleriedeporrentruy.ch\/wp-content\/uploads\/2020\/10\/distillerie-porrentruy-verres-150x150.jpg 150w, https:\/\/distilleriedeporrentruy.ch\/wp-content\/uploads\/2020\/10\/distillerie-porrentruy-verres-100x100.jpg 100w\" sizes=\"auto, (max-width: 150px) 100vw, 150px\" \/><\/a>\n\t\t\t<\/dt><\/dl><br style=\"clear: both\" \/>\n\t\t<\/div>\n\n<p>[\/vc_column_text][\/vc_column][\/vc_row]<\/p>\n<\/div>","protected":false},"excerpt":{"rendered":"<p>[vc_row type=&#8220;full-nopad&#8220;][vc_column][\/vc_column][\/vc_row][vc_row type=&#8220;boxed&#8220; css=&#8220;.vc_custom_1603311241257{padding-top: 40px !important;padding-bottom: 40px !important;background-position: 0 0 !important;background-repeat: no-repeat !important;}&#8220; el_id=&#8220;Destillationen&#8220;][vc_column width=&#8220;1\/2&#8243; offset=&#8220;vc_col-lg-offset-0 vc_col-md-offset-0 vc_col-sm-offset-0&#8243; css=&#8220;.vc_custom_1603311257996{margin-bottom: 20px !important;background-image: url(https:\/\/www.distilleriedeporrentruy.ch\/wp-contentuploads\/2020\/10\/logo-sanglier-distillation-clair-simple.svg?id=30697) !important;background-position: center !important;background-repeat: no-repeat !important;background-size: contain !important;}&#8220;][vc_column_text css=&#8220;.vc_custom_1603206321653{margin-top: 20px !important;margin-bottom: 40px !important;}&#8220;] Deine Destillationen [\/vc_column_text][vc_column_text css=&#8220;.vc_custom_1603358005650{margin-bottom: 40px !important;background-position: center !important;background-repeat: no-repeat !important;background-size: contain !important;}&#8220;]Ich mach mich mit Herzblut an den Brennhafen, oder besser &hellip;<\/p>\n","protected":false},"author":1,"featured_media":0,"parent":0,"menu_order":0,"comment_status":"closed","ping_status":"closed","template":"templates\/page-full.php","meta":{"footnotes":""},"class_list":["post-30433","page","type-page","status-publish","hentry"],"_links":{"self":[{"href":"https:\/\/distilleriedeporrentruy.ch\/de\/wp-json\/wp\/v2\/pages\/30433","targetHints":{"allow":["GET"]}}],"collection":[{"href":"https:\/\/distilleriedeporrentruy.ch\/de\/wp-json\/wp\/v2\/pages"}],"about":[{"href":"https:\/\/distilleriedeporrentruy.ch\/de\/wp-json\/wp\/v2\/types\/page"}],"author":[{"embeddable":true,"href":"https:\/\/distilleriedeporrentruy.ch\/de\/wp-json\/wp\/v2\/users\/1"}],"replies":[{"embeddable":true,"href":"https:\/\/distilleriedeporrentruy.ch\/de\/wp-json\/wp\/v2\/comments?post=30433"}],"version-history":[{"count":5,"href":"https:\/\/distilleriedeporrentruy.ch\/de\/wp-json\/wp\/v2\/pages\/30433\/revisions"}],"predecessor-version":[{"id":32844,"href":"https:\/\/distilleriedeporrentruy.ch\/de\/wp-json\/wp\/v2\/pages\/30433\/revisions\/32844"}],"wp:attachment":[{"href":"https:\/\/distilleriedeporrentruy.ch\/de\/wp-json\/wp\/v2\/media?parent=30433"}],"curies":[{"name":"wp","href":"https:\/\/api.w.org\/{rel}","templated":true}]}}